{"id":106,"date":"2017-06-24T09:38:11","date_gmt":"2017-06-24T07:38:11","guid":{"rendered":"https:\/\/stelberg-bau.de\/\/?page_id=106"},"modified":"2018-08-01T13:39:29","modified_gmt":"2018-08-01T11:39:29","slug":"startseite","status":"publish","type":"page","link":"https:\/\/stelberg-bau.de\/","title":{"rendered":"Startseite"},"content":{"rendered":"<p>&nbsp;<\/p>\n<table style=\"height: 267px;\" width=\"1067\">\n<tbody>\n<tr>\n<td align=\"center\" valign=\"top\"><img loading=\"lazy\" decoding=\"async\" class=\"alignnone wp-image-338\" src=\"https:\/\/stelberg-bau.de\/\/wp-content\/uploads\/2017\/11\/HP_22.05.14_X_F6316-850x478.jpg\" alt=\"\" width=\"300\" height=\"200\" srcset=\"https:\/\/stelberg-bau.de\/wp-content\/uploads\/2017\/11\/HP_22.05.14_X_F6316-768x512.jpg 768w, https:\/\/stelberg-bau.de\/wp-content\/uploads\/2017\/11\/HP_22.05.14_X_F6316.jpg 1772w\" sizes=\"auto, (max-width: 300px) 100vw, 300px\" \/><br \/>\nEinblicke in unsere Arbeit<\/td>\n<td align=\"center\" valign=\"top\"><img loading=\"lazy\" decoding=\"async\" class=\"alignnone wp-image-340\" src=\"https:\/\/stelberg-bau.de\/\/wp-content\/uploads\/2017\/11\/DSC9333-1-250x141.jpg\" alt=\"\" width=\"300\" height=\"200\" \/><br \/>\nWohnanlage V\u00fcrfels 38 a-f, Refrath<\/td>\n<td align=\"center\" valign=\"top\"><img loading=\"lazy\" decoding=\"async\" class=\"alignnone wp-image-339\" src=\"https:\/\/stelberg-bau.de\/\/wp-content\/uploads\/2017\/11\/HP_22.05.14_X_F6373-850x478.jpg\" alt=\"\" width=\"300\" height=\"200\" srcset=\"https:\/\/stelberg-bau.de\/wp-content\/uploads\/2017\/11\/HP_22.05.14_X_F6373-768x512.jpg 768w, https:\/\/stelberg-bau.de\/wp-content\/uploads\/2017\/11\/HP_22.05.14_X_F6373.jpg 1772w\" sizes=\"auto, (max-width: 300px) 100vw, 300px\" \/><br \/>\nSteinbrecherweg 10-12, Refrath<\/td>\n<\/tr>\n<\/tbody>\n<\/table>\n<h3>Herzlich Willkommen!<\/h3>\n<p>Wir freuen uns Sie hier auf unserer Webseite begr\u00fc\u00dfen zu d\u00fcrfen! Auf den folgenden Seiten erhalten Sie einen Einblick in die Arbeit der Bauunternehmung Gebr\u00fcder Stelberg GmbH &amp; Co. KG. Ob Sie uns schon lange Jahre verbunden sind oder uns gerade erst kennenlernen \u2013 lassen Sie sich von unseren Referenzen und aktuellen Arbeiten aus den Bereichen Hochbau, Tiefbau und Ingenieurbau \u00fcberzeugen.<\/p>\n<p>Ihre Gesch\u00e4ftsf\u00fchrung der Bauunternehmung<br \/>\nGebr\u00fcder Stelberg GmbH &amp; Co. KG<br \/>\nHerrmann-Josef Eyberg<br \/>\nStefan Eyberg<br \/>\nHans-Joachim Dantz<\/p>\n","protected":false},"excerpt":{"rendered":"<p>&nbsp; Einblicke in unsere Arbeit Wohnanlage V\u00fcrfels 38 a-f, Refrath Steinbrecherweg 10-12, Refrath Herzlich Willkommen! Wir freuen uns Sie hier auf unserer Webseite begr\u00fc\u00dfen zu d\u00fcrfen! Auf den folgenden Seiten erhalten Sie einen Einblick in die Arbeit der Bauunternehmung Gebr\u00fcder Stelberg GmbH &amp; Co. KG. Ob Sie uns schon lange Jahre verbunden sind oder uns [&hellip;]<\/p>\n","protected":false},"author":3,"featured_media":0,"parent":0,"menu_order":1,"comment_status":"closed","ping_status":"closed","template":"","meta":{"footnotes":""},"class_list":["post-106","page","type-page","status-publish","hentry"],"yoast_head":"<!-- This site is optimized with the Yoast SEO plugin v27.3 - https:\/\/yoast.com\/product\/yoast-seo-wordpress\/ -->\n<title>Startseite -<\/title>\n<meta name=\"robots\" content=\"index, follow, max-snippet:-1, max-image-preview:large, max-video-preview:-1\" \/>\n<link rel=\"canonical\" href=\"https:\/\/stelberg-bau.de\/\" \/>\n<meta property=\"og:locale\" content=\"de_DE\" \/>\n<meta property=\"og:type\" content=\"article\" \/>\n<meta property=\"og:title\" content=\"Startseite -\" \/>\n<meta property=\"og:description\" content=\"&nbsp; Einblicke in unsere Arbeit Wohnanlage V\u00fcrfels 38 a-f, Refrath Steinbrecherweg 10-12, Refrath Herzlich Willkommen! Wir freuen uns Sie hier auf unserer Webseite begr\u00fc\u00dfen zu d\u00fcrfen! Auf den folgenden Seiten erhalten Sie einen Einblick in die Arbeit der Bauunternehmung Gebr\u00fcder Stelberg GmbH &amp; Co. KG. Ob Sie uns schon lange Jahre verbunden sind oder uns [&hellip;]\" \/>\n<meta property=\"og:url\" content=\"https:\/\/stelberg-bau.de\/\" \/>\n<meta property=\"article:modified_time\" content=\"2018-08-01T11:39:29+00:00\" \/>\n<meta property=\"og:image\" content=\"https:\/\/stelberg-bau.de\/\/wp-content\/uploads\/2017\/11\/HP_22.05.14_X_F6316-850x478.jpg\" \/>\n<meta name=\"twitter:card\" content=\"summary_large_image\" \/>\n<script type=\"application\/ld+json\" class=\"yoast-schema-graph\">{\"@context\":\"https:\\\/\\\/schema.org\",\"@graph\":[{\"@type\":\"WebPage\",\"@id\":\"https:\\\/\\\/stelberg-bau.de\\\/\",\"url\":\"https:\\\/\\\/stelberg-bau.de\\\/\",\"name\":\"Startseite -\",\"isPartOf\":{\"@id\":\"https:\\\/\\\/stelberg-bau.de\\\/#website\"},\"primaryImageOfPage\":{\"@id\":\"https:\\\/\\\/stelberg-bau.de\\\/#primaryimage\"},\"image\":{\"@id\":\"https:\\\/\\\/stelberg-bau.de\\\/#primaryimage\"},\"thumbnailUrl\":\"https:\\\/\\\/stelberg-bau.de\\\/\\\/wp-content\\\/uploads\\\/2017\\\/11\\\/HP_22.05.14_X_F6316-850x478.jpg\",\"datePublished\":\"2017-06-24T07:38:11+00:00\",\"dateModified\":\"2018-08-01T11:39:29+00:00\",\"breadcrumb\":{\"@id\":\"https:\\\/\\\/stelberg-bau.de\\\/#breadcrumb\"},\"inLanguage\":\"de\",\"potentialAction\":[{\"@type\":\"ReadAction\",\"target\":[\"https:\\\/\\\/stelberg-bau.de\\\/\"]}]},{\"@type\":\"ImageObject\",\"inLanguage\":\"de\",\"@id\":\"https:\\\/\\\/stelberg-bau.de\\\/#primaryimage\",\"url\":\"https:\\\/\\\/stelberg-bau.de\\\/\\\/wp-content\\\/uploads\\\/2017\\\/11\\\/HP_22.05.14_X_F6316-850x478.jpg\",\"contentUrl\":\"https:\\\/\\\/stelberg-bau.de\\\/\\\/wp-content\\\/uploads\\\/2017\\\/11\\\/HP_22.05.14_X_F6316-850x478.jpg\"},{\"@type\":\"BreadcrumbList\",\"@id\":\"https:\\\/\\\/stelberg-bau.de\\\/#breadcrumb\",\"itemListElement\":[{\"@type\":\"ListItem\",\"position\":1,\"name\":\"Startseite\",\"item\":\"https:\\\/\\\/stelberg-bau.de\\\/\"},{\"@type\":\"ListItem\",\"position\":2,\"name\":\"Startseite\"}]},{\"@type\":\"WebSite\",\"@id\":\"https:\\\/\\\/stelberg-bau.de\\\/#website\",\"url\":\"https:\\\/\\\/stelberg-bau.de\\\/\",\"name\":\"\",\"description\":\"\",\"potentialAction\":[{\"@type\":\"SearchAction\",\"target\":{\"@type\":\"EntryPoint\",\"urlTemplate\":\"https:\\\/\\\/stelberg-bau.de\\\/?s={search_term_string}\"},\"query-input\":{\"@type\":\"PropertyValueSpecification\",\"valueRequired\":true,\"valueName\":\"search_term_string\"}}],\"inLanguage\":\"de\"}]}<\/script>\n<!-- \/ Yoast SEO plugin. -->","yoast_head_json":{"title":"Startseite -","robots":{"index":"index","follow":"follow","max-snippet":"max-snippet:-1","max-image-preview":"max-image-preview:large","max-video-preview":"max-video-preview:-1"},"canonical":"https:\/\/stelberg-bau.de\/","og_locale":"de_DE","og_type":"article","og_title":"Startseite -","og_description":"&nbsp; Einblicke in unsere Arbeit Wohnanlage V\u00fcrfels 38 a-f, Refrath Steinbrecherweg 10-12, Refrath Herzlich Willkommen! Wir freuen uns Sie hier auf unserer Webseite begr\u00fc\u00dfen zu d\u00fcrfen! Auf den folgenden Seiten erhalten Sie einen Einblick in die Arbeit der Bauunternehmung Gebr\u00fcder Stelberg GmbH &amp; Co. KG. Ob Sie uns schon lange Jahre verbunden sind oder uns [&hellip;]","og_url":"https:\/\/stelberg-bau.de\/","article_modified_time":"2018-08-01T11:39:29+00:00","og_image":[{"url":"https:\/\/stelberg-bau.de\/\/wp-content\/uploads\/2017\/11\/HP_22.05.14_X_F6316-850x478.jpg","type":"","width":"","height":""}],"twitter_card":"summary_large_image","schema":{"@context":"https:\/\/schema.org","@graph":[{"@type":"WebPage","@id":"https:\/\/stelberg-bau.de\/","url":"https:\/\/stelberg-bau.de\/","name":"Startseite -","isPartOf":{"@id":"https:\/\/stelberg-bau.de\/#website"},"primaryImageOfPage":{"@id":"https:\/\/stelberg-bau.de\/#primaryimage"},"image":{"@id":"https:\/\/stelberg-bau.de\/#primaryimage"},"thumbnailUrl":"https:\/\/stelberg-bau.de\/\/wp-content\/uploads\/2017\/11\/HP_22.05.14_X_F6316-850x478.jpg","datePublished":"2017-06-24T07:38:11+00:00","dateModified":"2018-08-01T11:39:29+00:00","breadcrumb":{"@id":"https:\/\/stelberg-bau.de\/#breadcrumb"},"inLanguage":"de","potentialAction":[{"@type":"ReadAction","target":["https:\/\/stelberg-bau.de\/"]}]},{"@type":"ImageObject","inLanguage":"de","@id":"https:\/\/stelberg-bau.de\/#primaryimage","url":"https:\/\/stelberg-bau.de\/\/wp-content\/uploads\/2017\/11\/HP_22.05.14_X_F6316-850x478.jpg","contentUrl":"https:\/\/stelberg-bau.de\/\/wp-content\/uploads\/2017\/11\/HP_22.05.14_X_F6316-850x478.jpg"},{"@type":"BreadcrumbList","@id":"https:\/\/stelberg-bau.de\/#breadcrumb","itemListElement":[{"@type":"ListItem","position":1,"name":"Startseite","item":"https:\/\/stelberg-bau.de\/"},{"@type":"ListItem","position":2,"name":"Startseite"}]},{"@type":"WebSite","@id":"https:\/\/stelberg-bau.de\/#website","url":"https:\/\/stelberg-bau.de\/","name":"","description":"","potentialAction":[{"@type":"SearchAction","target":{"@type":"EntryPoint","urlTemplate":"https:\/\/stelberg-bau.de\/?s={search_term_string}"},"query-input":{"@type":"PropertyValueSpecification","valueRequired":true,"valueName":"search_term_string"}}],"inLanguage":"de"}]}},"_links":{"self":[{"href":"https:\/\/stelberg-bau.de\/index.php?rest_route=\/wp\/v2\/pages\/106","targetHints":{"allow":["GET"]}}],"collection":[{"href":"https:\/\/stelberg-bau.de\/index.php?rest_route=\/wp\/v2\/pages"}],"about":[{"href":"https:\/\/stelberg-bau.de\/index.php?rest_route=\/wp\/v2\/types\/page"}],"author":[{"embeddable":true,"href":"https:\/\/stelberg-bau.de\/index.php?rest_route=\/wp\/v2\/users\/3"}],"replies":[{"embeddable":true,"href":"https:\/\/stelberg-bau.de\/index.php?rest_route=%2Fwp%2Fv2%2Fcomments&post=106"}],"version-history":[{"count":40,"href":"https:\/\/stelberg-bau.de\/index.php?rest_route=\/wp\/v2\/pages\/106\/revisions"}],"predecessor-version":[{"id":627,"href":"https:\/\/stelberg-bau.de\/index.php?rest_route=\/wp\/v2\/pages\/106\/revisions\/627"}],"wp:attachment":[{"href":"https:\/\/stelberg-bau.de\/index.php?rest_route=%2Fwp%2Fv2%2Fmedia&parent=106"}],"curies":[{"name":"wp","href":"https:\/\/api.w.org\/{rel}","templated":true}]}}