{"id":198,"date":"2017-07-03T15:33:30","date_gmt":"2017-07-03T13:33:30","guid":{"rendered":"https:\/\/stelberg-bau.de\/\/?page_id=198"},"modified":"2018-06-07T10:30:55","modified_gmt":"2018-06-07T08:30:55","slug":"ueber-uns","status":"publish","type":"page","link":"https:\/\/stelberg-bau.de\/?page_id=198","title":{"rendered":"Firmengeschichte"},"content":{"rendered":"<p>&nbsp;<\/p>\n<table width=\"1067\">\n<tbody>\n<tr>\n<td align=\"center\" valign=\"top\"><a href=\"https:\/\/stelberg-bau.de\/\/wp-content\/uploads\/2017\/11\/Gru\u0308nder-001-1-e1511718469237.png\" target=\"_blank\" rel=\"noopener\"><img loading=\"lazy\" decoding=\"async\" class=\"alignnone wp-image-385\" src=\"https:\/\/stelberg-bau.de\/\/wp-content\/uploads\/2017\/11\/Gru\u0308nder-001-1-e1511718469237.png\" alt=\"\" width=\"117\" height=\"160\" \/><\/a><br \/>\nGr\u00fcnder Johann Stelberg<\/td>\n<td align=\"center\" valign=\"top\"><a href=\"https:\/\/stelberg-bau.de\/\/wp-content\/uploads\/2017\/11\/DOC050417-05042017085434-1.png\" target=\"_blank\" rel=\"noopener\"><img loading=\"lazy\" decoding=\"async\" class=\"alignnone wp-image-378\" src=\"https:\/\/stelberg-bau.de\/\/wp-content\/uploads\/2017\/11\/DOC050417-05042017085434-1-850x478.png\" alt=\"\" width=\"289\" height=\"200\" srcset=\"https:\/\/stelberg-bau.de\/wp-content\/uploads\/2017\/11\/DOC050417-05042017085434-1-768x531.png 768w, https:\/\/stelberg-bau.de\/wp-content\/uploads\/2017\/11\/DOC050417-05042017085434-1.png 1632w\" sizes=\"auto, (max-width: 289px) 100vw, 289px\" \/><\/a><br \/>\nG+H Halle WO4, 1962<\/td>\n<td align=\"center\" valign=\"top\"><a href=\"https:\/\/stelberg-bau.de\/\/wp-content\/uploads\/2017\/11\/DSC8850_cut-e1511719889668.jpg\" target=\"_blank\" rel=\"noopener\"><img loading=\"lazy\" decoding=\"async\" class=\"alignnone wp-image-400\" src=\"https:\/\/stelberg-bau.de\/\/wp-content\/uploads\/2017\/11\/DSC8850_cut-e1511719889668.jpg\" alt=\"\" width=\"106\" height=\"160\" \/><\/a><br \/>\nMeisterbrief des Gr\u00fcnders<\/td>\n<\/tr>\n<\/tbody>\n<\/table>\n<h3>Unternehmen mit Tradition<\/h3>\n<p>Als mittelst\u00e4ndischer Betrieb mit \u00fcber 90 Jahren Erfahrung ist die Bauunternehmung Gebr\u00fcder Stelberg GmbH &amp; Co. KG in der Region Bergisch Gladbach zu Hause. In dieser Zeit haben wir unser Leistungsportfolio stets erweitert und den Bed\u00fcrfnissen und W\u00fcnschen unserer Kunden angepasst.<\/p>\n<p>Drei gro\u00dfe Industriekunden waren f\u00fcr die so positive Entwicklung des Unternehmens ausschlaggebend: die Zanders Feinpapiere AG, KHD Deutz sowie G &amp; H (heute Saint-Gobain Isover). Die Gebr\u00fcder Stelberg \u2013 Johann, Peter und Christian \u2013 wussten diese Chancen zu nutzen. Durch gute Leistungen und h\u00f6chste Qualit\u00e4t hat sich die Firma einen guten Ruf \u00fcber die Grenzen der Region hinaus erarbeitet. Langfristige, vertrauensvolle Gesch\u00e4ftsbeziehungen und die Zufriedenheit unserer Kunden sind stets unser Ziel.<\/p>\n<p>Heute liegt unser Schwerpunkt auf dem Wohnungsbau, Hochbau, Tiefbau und Ingenieurbau, f\u00fcr Bautr\u00e4ger ebenso wie f\u00fcr Privatkunden. Gemeinsam mit unseren fachkundigen Mitarbeitern liefern wir Ihren Rohbau: termingerecht und zuverl\u00e4ssig. Das Fundament f\u00fcr diese gute Arbeit sind die Baufachleute, die f\u00fcr uns arbeiten. Damit das auch so bleibt, bilden wir regelm\u00e4\u00dfig junge Leute aus und geben unsere jahrzehntelange Erfahrung an sie weiter.<\/p>\n<p>&nbsp;<\/p>\n<h2><span style=\"color: #d20000;\">MEILENSTEINE <\/span><\/h2>\n<p>1920<br \/>\nMeisterpr\u00fcfung von Johann Stelberg<\/p>\n<p>1926<br \/>\nGr\u00fcndung Gebr\u00fcder Stelberg, Bauunternehmung, Gesellschaft BGB, durch Johann Stelberg mit seinen Br\u00fcdern Peter und Christian Stelberg<\/p>\n<p>1973<br \/>\nGr\u00fcndung Gebr. Stelberg GmbH Gesellschafter: Johann und Peter Stelberg<\/p>\n<p>1982<br \/>\nTod von Peter Stelberg<\/p>\n<p>1982<br \/>\nHerrmann-Josef Eyberg und Werner Dantz werden als weitere Gesch\u00e4ftsf\u00fchrer bestellt<\/p>\n<p>1988<br \/>\nTod von Johann Stelberg<\/p>\n<p>1995<br \/>\nEintragung Gebr. Stelberg GmbH &amp; Co. KG<\/p>\n<p>2000<\/p>\n<p>Hans Joachim Dantz und Stefan Eyberg werden zu weiteren Gesch\u00e4ftsf\u00fchrern der GmbH bestellt<\/p>\n<p>2004<br \/>\nAusscheiden von Werner Dantz als Gesch\u00e4ftsf\u00fchrer und Gesellschafter<\/p>\n<p>&nbsp;<\/p>\n<h3>Unsere aktuellen Gesch\u00e4ftsf\u00fchrer<\/h3>\n<p><img loading=\"lazy\" decoding=\"async\" class=\"alignnone wp-image-468\" src=\"https:\/\/stelberg-bau.de\/\/wp-content\/uploads\/2018\/01\/DSC6234-neu-850x478.jpg\" alt=\"\" width=\"400\" height=\"267\" \/><\/p>\n<p style=\"text-align: left;\">Stefan Eyberg<\/p>\n<p>Herrmann-Josef Eyberg<\/p>\n<table width=\"400\">\n<tbody>\n<tr>\n<td valign=\"bottom\"><img loading=\"lazy\" decoding=\"async\" class=\"alignnone wp-image-466\" src=\"https:\/\/stelberg-bau.de\/\/wp-content\/uploads\/2018\/01\/DSC6042-Bearbeitet-850x478.jpg\" alt=\"\" width=\"400\" height=\"267\" \/><\/p>\n<p style=\"text-align: left;\">Hans-Joachim Dantz<\/p>\n<\/td>\n<\/tr>\n<\/tbody>\n<\/table>\n","protected":false},"excerpt":{"rendered":"<p>&nbsp; Gr\u00fcnder Johann Stelberg G+H Halle WO4, 1962 Meisterbrief des Gr\u00fcnders Unternehmen mit Tradition Als mittelst\u00e4ndischer Betrieb mit \u00fcber 90 Jahren Erfahrung ist die Bauunternehmung Gebr\u00fcder Stelberg GmbH &amp; Co. KG in der Region Bergisch Gladbach zu Hause. In dieser Zeit haben wir unser Leistungsportfolio stets erweitert und den Bed\u00fcrfnissen und W\u00fcnschen unserer Kunden angepasst. [&hellip;]<\/p>\n","protected":false},"author":3,"featured_media":0,"parent":0,"menu_order":0,"comment_status":"closed","ping_status":"closed","template":"","meta":{"footnotes":""},"class_list":["post-198","page","type-page","status-publish","hentry"],"yoast_head":"<!-- This site is optimized with the Yoast SEO plugin v27.3 - https:\/\/yoast.com\/product\/yoast-seo-wordpress\/ -->\n<title>Firmengeschichte -<\/title>\n<meta name=\"robots\" content=\"index, follow, max-snippet:-1, max-image-preview:large, max-video-preview:-1\" \/>\n<link rel=\"canonical\" href=\"https:\/\/stelberg-bau.de\/?page_id=198\" \/>\n<meta property=\"og:locale\" content=\"de_DE\" \/>\n<meta property=\"og:type\" content=\"article\" \/>\n<meta property=\"og:title\" content=\"Firmengeschichte -\" \/>\n<meta property=\"og:description\" content=\"&nbsp; Gr\u00fcnder Johann Stelberg G+H Halle WO4, 1962 Meisterbrief des Gr\u00fcnders Unternehmen mit Tradition Als mittelst\u00e4ndischer Betrieb mit \u00fcber 90 Jahren Erfahrung ist die Bauunternehmung Gebr\u00fcder Stelberg GmbH &amp; Co. KG in der Region Bergisch Gladbach zu Hause. In dieser Zeit haben wir unser Leistungsportfolio stets erweitert und den Bed\u00fcrfnissen und W\u00fcnschen unserer Kunden angepasst. [&hellip;]\" \/>\n<meta property=\"og:url\" content=\"https:\/\/stelberg-bau.de\/?page_id=198\" \/>\n<meta property=\"article:modified_time\" content=\"2018-06-07T08:30:55+00:00\" \/>\n<meta property=\"og:image\" content=\"https:\/\/stelberg-bau.de\/\/wp-content\/uploads\/2017\/11\/DOC050417-05042017085434-1-850x478.png\" \/>\n<meta name=\"twitter:card\" content=\"summary_large_image\" \/>\n<meta name=\"twitter:label1\" content=\"Gesch\u00e4tzte Lesezeit\" \/>\n\t<meta name=\"twitter:data1\" content=\"2\u00a0Minuten\" \/>\n<script type=\"application\/ld+json\" class=\"yoast-schema-graph\">{\"@context\":\"https:\\\/\\\/schema.org\",\"@graph\":[{\"@type\":\"WebPage\",\"@id\":\"https:\\\/\\\/stelberg-bau.de\\\/?page_id=198\",\"url\":\"https:\\\/\\\/stelberg-bau.de\\\/?page_id=198\",\"name\":\"Firmengeschichte -\",\"isPartOf\":{\"@id\":\"https:\\\/\\\/stelberg-bau.de\\\/#website\"},\"primaryImageOfPage\":{\"@id\":\"https:\\\/\\\/stelberg-bau.de\\\/?page_id=198#primaryimage\"},\"image\":{\"@id\":\"https:\\\/\\\/stelberg-bau.de\\\/?page_id=198#primaryimage\"},\"thumbnailUrl\":\"https:\\\/\\\/stelberg-bau.de\\\/\\\/wp-content\\\/uploads\\\/2017\\\/11\\\/DOC050417-05042017085434-1-850x478.png\",\"datePublished\":\"2017-07-03T13:33:30+00:00\",\"dateModified\":\"2018-06-07T08:30:55+00:00\",\"breadcrumb\":{\"@id\":\"https:\\\/\\\/stelberg-bau.de\\\/?page_id=198#breadcrumb\"},\"inLanguage\":\"de\",\"potentialAction\":[{\"@type\":\"ReadAction\",\"target\":[\"https:\\\/\\\/stelberg-bau.de\\\/?page_id=198\"]}]},{\"@type\":\"ImageObject\",\"inLanguage\":\"de\",\"@id\":\"https:\\\/\\\/stelberg-bau.de\\\/?page_id=198#primaryimage\",\"url\":\"https:\\\/\\\/stelberg-bau.de\\\/\\\/wp-content\\\/uploads\\\/2017\\\/11\\\/DOC050417-05042017085434-1-850x478.png\",\"contentUrl\":\"https:\\\/\\\/stelberg-bau.de\\\/\\\/wp-content\\\/uploads\\\/2017\\\/11\\\/DOC050417-05042017085434-1-850x478.png\"},{\"@type\":\"BreadcrumbList\",\"@id\":\"https:\\\/\\\/stelberg-bau.de\\\/?page_id=198#breadcrumb\",\"itemListElement\":[{\"@type\":\"ListItem\",\"position\":1,\"name\":\"Startseite\",\"item\":\"https:\\\/\\\/stelberg-bau.de\\\/\"},{\"@type\":\"ListItem\",\"position\":2,\"name\":\"Firmengeschichte\"}]},{\"@type\":\"WebSite\",\"@id\":\"https:\\\/\\\/stelberg-bau.de\\\/#website\",\"url\":\"https:\\\/\\\/stelberg-bau.de\\\/\",\"name\":\"\",\"description\":\"\",\"potentialAction\":[{\"@type\":\"SearchAction\",\"target\":{\"@type\":\"EntryPoint\",\"urlTemplate\":\"https:\\\/\\\/stelberg-bau.de\\\/?s={search_term_string}\"},\"query-input\":{\"@type\":\"PropertyValueSpecification\",\"valueRequired\":true,\"valueName\":\"search_term_string\"}}],\"inLanguage\":\"de\"}]}<\/script>\n<!-- \/ Yoast SEO plugin. -->","yoast_head_json":{"title":"Firmengeschichte -","robots":{"index":"index","follow":"follow","max-snippet":"max-snippet:-1","max-image-preview":"max-image-preview:large","max-video-preview":"max-video-preview:-1"},"canonical":"https:\/\/stelberg-bau.de\/?page_id=198","og_locale":"de_DE","og_type":"article","og_title":"Firmengeschichte -","og_description":"&nbsp; Gr\u00fcnder Johann Stelberg G+H Halle WO4, 1962 Meisterbrief des Gr\u00fcnders Unternehmen mit Tradition Als mittelst\u00e4ndischer Betrieb mit \u00fcber 90 Jahren Erfahrung ist die Bauunternehmung Gebr\u00fcder Stelberg GmbH &amp; Co. KG in der Region Bergisch Gladbach zu Hause. In dieser Zeit haben wir unser Leistungsportfolio stets erweitert und den Bed\u00fcrfnissen und W\u00fcnschen unserer Kunden angepasst. [&hellip;]","og_url":"https:\/\/stelberg-bau.de\/?page_id=198","article_modified_time":"2018-06-07T08:30:55+00:00","og_image":[{"url":"https:\/\/stelberg-bau.de\/\/wp-content\/uploads\/2017\/11\/DOC050417-05042017085434-1-850x478.png","type":"","width":"","height":""}],"twitter_card":"summary_large_image","twitter_misc":{"Gesch\u00e4tzte Lesezeit":"2\u00a0Minuten"},"schema":{"@context":"https:\/\/schema.org","@graph":[{"@type":"WebPage","@id":"https:\/\/stelberg-bau.de\/?page_id=198","url":"https:\/\/stelberg-bau.de\/?page_id=198","name":"Firmengeschichte -","isPartOf":{"@id":"https:\/\/stelberg-bau.de\/#website"},"primaryImageOfPage":{"@id":"https:\/\/stelberg-bau.de\/?page_id=198#primaryimage"},"image":{"@id":"https:\/\/stelberg-bau.de\/?page_id=198#primaryimage"},"thumbnailUrl":"https:\/\/stelberg-bau.de\/\/wp-content\/uploads\/2017\/11\/DOC050417-05042017085434-1-850x478.png","datePublished":"2017-07-03T13:33:30+00:00","dateModified":"2018-06-07T08:30:55+00:00","breadcrumb":{"@id":"https:\/\/stelberg-bau.de\/?page_id=198#breadcrumb"},"inLanguage":"de","potentialAction":[{"@type":"ReadAction","target":["https:\/\/stelberg-bau.de\/?page_id=198"]}]},{"@type":"ImageObject","inLanguage":"de","@id":"https:\/\/stelberg-bau.de\/?page_id=198#primaryimage","url":"https:\/\/stelberg-bau.de\/\/wp-content\/uploads\/2017\/11\/DOC050417-05042017085434-1-850x478.png","contentUrl":"https:\/\/stelberg-bau.de\/\/wp-content\/uploads\/2017\/11\/DOC050417-05042017085434-1-850x478.png"},{"@type":"BreadcrumbList","@id":"https:\/\/stelberg-bau.de\/?page_id=198#breadcrumb","itemListElement":[{"@type":"ListItem","position":1,"name":"Startseite","item":"https:\/\/stelberg-bau.de\/"},{"@type":"ListItem","position":2,"name":"Firmengeschichte"}]},{"@type":"WebSite","@id":"https:\/\/stelberg-bau.de\/#website","url":"https:\/\/stelberg-bau.de\/","name":"","description":"","potentialAction":[{"@type":"SearchAction","target":{"@type":"EntryPoint","urlTemplate":"https:\/\/stelberg-bau.de\/?s={search_term_string}"},"query-input":{"@type":"PropertyValueSpecification","valueRequired":true,"valueName":"search_term_string"}}],"inLanguage":"de"}]}},"_links":{"self":[{"href":"https:\/\/stelberg-bau.de\/index.php?rest_route=\/wp\/v2\/pages\/198","targetHints":{"allow":["GET"]}}],"collection":[{"href":"https:\/\/stelberg-bau.de\/index.php?rest_route=\/wp\/v2\/pages"}],"about":[{"href":"https:\/\/stelberg-bau.de\/index.php?rest_route=\/wp\/v2\/types\/page"}],"author":[{"embeddable":true,"href":"https:\/\/stelberg-bau.de\/index.php?rest_route=\/wp\/v2\/users\/3"}],"replies":[{"embeddable":true,"href":"https:\/\/stelberg-bau.de\/index.php?rest_route=%2Fwp%2Fv2%2Fcomments&post=198"}],"version-history":[{"count":52,"href":"https:\/\/stelberg-bau.de\/index.php?rest_route=\/wp\/v2\/pages\/198\/revisions"}],"predecessor-version":[{"id":636,"href":"https:\/\/stelberg-bau.de\/index.php?rest_route=\/wp\/v2\/pages\/198\/revisions\/636"}],"wp:attachment":[{"href":"https:\/\/stelberg-bau.de\/index.php?rest_route=%2Fwp%2Fv2%2Fmedia&parent=198"}],"curies":[{"name":"wp","href":"https:\/\/api.w.org\/{rel}","templated":true}]}}