{"id":213,"date":"2017-07-03T15:49:36","date_gmt":"2017-07-03T13:49:36","guid":{"rendered":"https:\/\/stelberg-bau.de\/\/?page_id=213"},"modified":"2018-08-01T13:51:38","modified_gmt":"2018-08-01T11:51:38","slug":"das-macht-uns-aus","status":"publish","type":"page","link":"https:\/\/stelberg-bau.de\/?page_id=213","title":{"rendered":"Das macht uns aus"},"content":{"rendered":"<p>&nbsp;<\/p>\n<table style=\"height: 267px;\" width=\"1067\">\n<tbody>\n<tr>\n<td align=\"center\" valign=\"top\"><a href=\"https:\/\/stelberg-bau.de\/\/wp-content\/uploads\/2017\/11\/HP_22.05.14_X_F6301bearb.jpg\" target=\"_blank\" rel=\"noopener\"><img loading=\"lazy\" decoding=\"async\" class=\"alignnone wp-image-386\" src=\"https:\/\/stelberg-bau.de\/\/wp-content\/uploads\/2017\/11\/HP_22.05.14_X_F6301bearb-850x478.jpg\" alt=\"\" width=\"300\" height=\"200\" srcset=\"https:\/\/stelberg-bau.de\/wp-content\/uploads\/2017\/11\/HP_22.05.14_X_F6301bearb-768x512.jpg 768w, https:\/\/stelberg-bau.de\/wp-content\/uploads\/2017\/11\/HP_22.05.14_X_F6301bearb.jpg 1772w\" sizes=\"auto, (max-width: 300px) 100vw, 300px\" \/><\/a><\/p>\n<p>Bauzeichnungen vom Profi<\/p>\n<\/td>\n<td align=\"center\" valign=\"top\"><a href=\"https:\/\/stelberg-bau.de\/\/wp-content\/uploads\/2017\/11\/13-03-26_1143-.jpg\" target=\"_blank\" rel=\"noopener\"><img loading=\"lazy\" decoding=\"async\" class=\"alignnone wp-image-365\" src=\"https:\/\/stelberg-bau.de\/\/wp-content\/uploads\/2017\/11\/13-03-26_1143--850x478.jpg\" alt=\"\" width=\"300\" height=\"200\" srcset=\"https:\/\/stelberg-bau.de\/wp-content\/uploads\/2017\/11\/13-03-26_1143--768x510.jpg 768w, https:\/\/stelberg-bau.de\/wp-content\/uploads\/2017\/11\/13-03-26_1143-.jpg 900w\" sizes=\"auto, (max-width: 300px) 100vw, 300px\" \/><\/a><\/p>\n<p>Einfamilienhaus Porz Z\u00fcndorf<\/p>\n<\/td>\n<td align=\"center\" valign=\"top\"><a href=\"https:\/\/stelberg-bau.de\/\/wp-content\/uploads\/2017\/11\/P2170045.jpg\" target=\"_blank\" rel=\"noopener\"><img loading=\"lazy\" decoding=\"async\" class=\"alignnone wp-image-393\" src=\"https:\/\/stelberg-bau.de\/\/wp-content\/uploads\/2017\/11\/P2170045-850x478.jpg\" alt=\"\" width=\"300\" height=\"200\" \/><\/a><\/p>\n<p>Ursulinenschule Hersel-Bornheim<\/p>\n<\/td>\n<\/tr>\n<\/tbody>\n<\/table>\n<p>Rohbauten f\u00fcr Industrie-, Gewerbe- und Wohnungsbau sind unsere Spezialit\u00e4t. Hochwertige Stahlbeton-, Beton und Maurerarbeiten geh\u00f6ren genauso zu unserem umfangreichen Portfolio wie die Sanierung von Altbauten. Auch mit der Arbeit an denkmalgesch\u00fctzten Geb\u00e4uden haben wir Erfahrung.<\/p>\n<p>Wir wissen, dass jedes Bauprojekt anders ist und agieren entsprechend. Bereits in der Planung ber\u00fccksichtigen wir die jeweiligen Anforderungen, um eine termingerechte und reibungslose Umsetzung zu gew\u00e4hrleisten. Ob Hochbau, Tiefbau oder Ingenieurbau \u2013 mit der Bauunternehmung Gebr\u00fcder Stelberg als Partner k\u00f6nnen Sie sicher sein, dass alle Gewerke Hand in Hand arbeiten und zwar in gewohnt hoher Qualit\u00e4t. Denn wir haben \u00fcber 90 Jahre Erfahrung darin, alles genau und optimal aufeinander abzustimmen.<\/p>\n<p>Professionelles Baumanagement spart Zeit, Kosten und schont die Nerven der Bauherrn. Wir stehen Ihnen gern bei der optimalen Durchf\u00fchrung Ihres Bauvorhabens zur Seite.<\/p>\n<p>Wer Wohnimmobilien baut, baut nicht nur ein Geb\u00e4ude, sondern erschafft Lebensraum. Bereits im Rohbau gilt es, das zu ber\u00fccksichtigen und entsprechende bauliche L\u00f6sungen zu finden. Sollen beispielsweise Keller und Dachb\u00f6den qualitativ genutzt werden, stellt das h\u00f6here Anspr\u00fcche an Feuchtigkeitsisolierung, Schallschutz und W\u00e4rmed\u00e4mmung. Auch ausgefeilte Konzepte zur Energieeffizienz m\u00fcssen fr\u00fchzeitig eingeplant werden. Professionelles Baumanagement hat hier die Aufgabe, Planungssicherheit zu geben und eine hochwertige Umsetzung zum vereinbarten Termin zu gew\u00e4hrleisten. Dabei behalten wir jederzeit alle technischen und planerischen Details f\u00fcr Sie im Blick. Rationelle Bauverfahren und vorgefertigte Bauteile lassen zus\u00e4tzlich einen deutlich schnelleren Bau zu als es rein traditionell m\u00f6glich w\u00e4re.<\/p>\n<p>Ob kleines Privat- oder gro\u00dfes Industrieprojekt \u2013 wir sind f\u00fcr Tiefbauarbeiten jeder Gr\u00f6\u00dfenordnung bereit. Dank unseres gut ausgestatteten Maschinenparks k\u00f6nnen wir beispielsweise Aushubarbeiten und Sch\u00fcttungen anbieten. So schaffen wir eine sichere Basis fu\u0308r Ihr weiteres Vorhaben. Sollte eine Gro\u00dfbaustelle einmal unsere Kapazit\u00e4ten \u00fcberschreiten, k\u00f6nnen wir auf ein Netzwerk zuverl\u00e4ssiger Partner aus dem Handwerk zur\u00fcckgreifen. Gemeinsam stemmen wir gr\u00f6\u00dfere Projekte und vereinen unser Fachwissen zum Wohle der Kunden. Also: Fordern Sie uns \u2013 wir sind bereit!<\/p>\n<p>Die Planung, die Konstruktion und der Bau anspruchsvoller Objekte sind unser Tagesgesch\u00e4ft. Wir liefern intelligente L\u00f6sungen und setzen unser ganzes Fachwissen f\u00fcr Sie ein. In der Errichtung von Bauwerken mit au\u00dfergew\u00f6hnlicher Statik sehen wir kein Problem, sondern eine handwerkliche Herausforderung. Dass wir davon schon einige gemeistert haben, ist an unseren Referenzen zu erkennen. Wo immer es notwendig ist, setzen wir neue Technologien und Baustoffe ein, um die Anspr\u00fcche moderner Bauherrn zu erf\u00fcllen. Laufende Qualit\u00e4tskontrollen sorgen f\u00fcr einen Ablauf perfekt nach Plan. So ist sichergestellt, dass zum Einzugstermin alles soweit ist.<\/p>\n","protected":false},"excerpt":{"rendered":"<p>&nbsp; Bauzeichnungen vom Profi Einfamilienhaus Porz Z\u00fcndorf Ursulinenschule Hersel-Bornheim Rohbauten f\u00fcr Industrie-, Gewerbe- und Wohnungsbau sind unsere Spezialit\u00e4t. Hochwertige Stahlbeton-, Beton und Maurerarbeiten geh\u00f6ren genauso zu unserem umfangreichen Portfolio wie die Sanierung von Altbauten. Auch mit der Arbeit an denkmalgesch\u00fctzten Geb\u00e4uden haben wir Erfahrung. Wir wissen, dass jedes Bauprojekt anders ist und agieren entsprechend. Bereits [&hellip;]<\/p>\n","protected":false},"author":3,"featured_media":0,"parent":0,"menu_order":0,"comment_status":"closed","ping_status":"closed","template":"","meta":{"footnotes":""},"class_list":["post-213","page","type-page","status-publish","hentry"],"yoast_head":"<!-- This site is optimized with the Yoast SEO plugin v27.4 - https:\/\/yoast.com\/product\/yoast-seo-wordpress\/ -->\n<title>Das macht uns aus -<\/title>\n<meta name=\"robots\" content=\"index, follow, max-snippet:-1, max-image-preview:large, max-video-preview:-1\" \/>\n<link rel=\"canonical\" href=\"https:\/\/stelberg-bau.de\/?page_id=213\" \/>\n<meta property=\"og:locale\" content=\"de_DE\" \/>\n<meta property=\"og:type\" content=\"article\" \/>\n<meta property=\"og:title\" content=\"Das macht uns aus -\" \/>\n<meta property=\"og:description\" content=\"&nbsp; Bauzeichnungen vom Profi Einfamilienhaus Porz Z\u00fcndorf Ursulinenschule Hersel-Bornheim Rohbauten f\u00fcr Industrie-, Gewerbe- und Wohnungsbau sind unsere Spezialit\u00e4t. Hochwertige Stahlbeton-, Beton und Maurerarbeiten geh\u00f6ren genauso zu unserem umfangreichen Portfolio wie die Sanierung von Altbauten. Auch mit der Arbeit an denkmalgesch\u00fctzten Geb\u00e4uden haben wir Erfahrung. Wir wissen, dass jedes Bauprojekt anders ist und agieren entsprechend. Bereits [&hellip;]\" \/>\n<meta property=\"og:url\" content=\"https:\/\/stelberg-bau.de\/?page_id=213\" \/>\n<meta property=\"article:modified_time\" content=\"2018-08-01T11:51:38+00:00\" \/>\n<meta property=\"og:image\" content=\"https:\/\/stelberg-bau.de\/\/wp-content\/uploads\/2017\/11\/HP_22.05.14_X_F6301bearb-850x478.jpg\" \/>\n<meta name=\"twitter:card\" content=\"summary_large_image\" \/>\n<meta name=\"twitter:label1\" content=\"Gesch\u00e4tzte Lesezeit\" \/>\n\t<meta name=\"twitter:data1\" content=\"2\u00a0Minuten\" \/>\n<script type=\"application\/ld+json\" class=\"yoast-schema-graph\">{\"@context\":\"https:\\\/\\\/schema.org\",\"@graph\":[{\"@type\":\"WebPage\",\"@id\":\"https:\\\/\\\/stelberg-bau.de\\\/?page_id=213\",\"url\":\"https:\\\/\\\/stelberg-bau.de\\\/?page_id=213\",\"name\":\"Das macht uns aus -\",\"isPartOf\":{\"@id\":\"https:\\\/\\\/stelberg-bau.de\\\/#website\"},\"primaryImageOfPage\":{\"@id\":\"https:\\\/\\\/stelberg-bau.de\\\/?page_id=213#primaryimage\"},\"image\":{\"@id\":\"https:\\\/\\\/stelberg-bau.de\\\/?page_id=213#primaryimage\"},\"thumbnailUrl\":\"https:\\\/\\\/stelberg-bau.de\\\/\\\/wp-content\\\/uploads\\\/2017\\\/11\\\/HP_22.05.14_X_F6301bearb-850x478.jpg\",\"datePublished\":\"2017-07-03T13:49:36+00:00\",\"dateModified\":\"2018-08-01T11:51:38+00:00\",\"breadcrumb\":{\"@id\":\"https:\\\/\\\/stelberg-bau.de\\\/?page_id=213#breadcrumb\"},\"inLanguage\":\"de\",\"potentialAction\":[{\"@type\":\"ReadAction\",\"target\":[\"https:\\\/\\\/stelberg-bau.de\\\/?page_id=213\"]}]},{\"@type\":\"ImageObject\",\"inLanguage\":\"de\",\"@id\":\"https:\\\/\\\/stelberg-bau.de\\\/?page_id=213#primaryimage\",\"url\":\"https:\\\/\\\/stelberg-bau.de\\\/\\\/wp-content\\\/uploads\\\/2017\\\/11\\\/HP_22.05.14_X_F6301bearb-850x478.jpg\",\"contentUrl\":\"https:\\\/\\\/stelberg-bau.de\\\/\\\/wp-content\\\/uploads\\\/2017\\\/11\\\/HP_22.05.14_X_F6301bearb-850x478.jpg\"},{\"@type\":\"BreadcrumbList\",\"@id\":\"https:\\\/\\\/stelberg-bau.de\\\/?page_id=213#breadcrumb\",\"itemListElement\":[{\"@type\":\"ListItem\",\"position\":1,\"name\":\"Startseite\",\"item\":\"https:\\\/\\\/stelberg-bau.de\\\/\"},{\"@type\":\"ListItem\",\"position\":2,\"name\":\"Das macht uns aus\"}]},{\"@type\":\"WebSite\",\"@id\":\"https:\\\/\\\/stelberg-bau.de\\\/#website\",\"url\":\"https:\\\/\\\/stelberg-bau.de\\\/\",\"name\":\"\",\"description\":\"\",\"potentialAction\":[{\"@type\":\"SearchAction\",\"target\":{\"@type\":\"EntryPoint\",\"urlTemplate\":\"https:\\\/\\\/stelberg-bau.de\\\/?s={search_term_string}\"},\"query-input\":{\"@type\":\"PropertyValueSpecification\",\"valueRequired\":true,\"valueName\":\"search_term_string\"}}],\"inLanguage\":\"de\"}]}<\/script>\n<!-- \/ Yoast SEO plugin. -->","yoast_head_json":{"title":"Das macht uns aus -","robots":{"index":"index","follow":"follow","max-snippet":"max-snippet:-1","max-image-preview":"max-image-preview:large","max-video-preview":"max-video-preview:-1"},"canonical":"https:\/\/stelberg-bau.de\/?page_id=213","og_locale":"de_DE","og_type":"article","og_title":"Das macht uns aus -","og_description":"&nbsp; Bauzeichnungen vom Profi Einfamilienhaus Porz Z\u00fcndorf Ursulinenschule Hersel-Bornheim Rohbauten f\u00fcr Industrie-, Gewerbe- und Wohnungsbau sind unsere Spezialit\u00e4t. Hochwertige Stahlbeton-, Beton und Maurerarbeiten geh\u00f6ren genauso zu unserem umfangreichen Portfolio wie die Sanierung von Altbauten. Auch mit der Arbeit an denkmalgesch\u00fctzten Geb\u00e4uden haben wir Erfahrung. Wir wissen, dass jedes Bauprojekt anders ist und agieren entsprechend. Bereits [&hellip;]","og_url":"https:\/\/stelberg-bau.de\/?page_id=213","article_modified_time":"2018-08-01T11:51:38+00:00","og_image":[{"url":"https:\/\/stelberg-bau.de\/\/wp-content\/uploads\/2017\/11\/HP_22.05.14_X_F6301bearb-850x478.jpg","type":"","width":"","height":""}],"twitter_card":"summary_large_image","twitter_misc":{"Gesch\u00e4tzte Lesezeit":"2\u00a0Minuten"},"schema":{"@context":"https:\/\/schema.org","@graph":[{"@type":"WebPage","@id":"https:\/\/stelberg-bau.de\/?page_id=213","url":"https:\/\/stelberg-bau.de\/?page_id=213","name":"Das macht uns aus -","isPartOf":{"@id":"https:\/\/stelberg-bau.de\/#website"},"primaryImageOfPage":{"@id":"https:\/\/stelberg-bau.de\/?page_id=213#primaryimage"},"image":{"@id":"https:\/\/stelberg-bau.de\/?page_id=213#primaryimage"},"thumbnailUrl":"https:\/\/stelberg-bau.de\/\/wp-content\/uploads\/2017\/11\/HP_22.05.14_X_F6301bearb-850x478.jpg","datePublished":"2017-07-03T13:49:36+00:00","dateModified":"2018-08-01T11:51:38+00:00","breadcrumb":{"@id":"https:\/\/stelberg-bau.de\/?page_id=213#breadcrumb"},"inLanguage":"de","potentialAction":[{"@type":"ReadAction","target":["https:\/\/stelberg-bau.de\/?page_id=213"]}]},{"@type":"ImageObject","inLanguage":"de","@id":"https:\/\/stelberg-bau.de\/?page_id=213#primaryimage","url":"https:\/\/stelberg-bau.de\/\/wp-content\/uploads\/2017\/11\/HP_22.05.14_X_F6301bearb-850x478.jpg","contentUrl":"https:\/\/stelberg-bau.de\/\/wp-content\/uploads\/2017\/11\/HP_22.05.14_X_F6301bearb-850x478.jpg"},{"@type":"BreadcrumbList","@id":"https:\/\/stelberg-bau.de\/?page_id=213#breadcrumb","itemListElement":[{"@type":"ListItem","position":1,"name":"Startseite","item":"https:\/\/stelberg-bau.de\/"},{"@type":"ListItem","position":2,"name":"Das macht uns aus"}]},{"@type":"WebSite","@id":"https:\/\/stelberg-bau.de\/#website","url":"https:\/\/stelberg-bau.de\/","name":"","description":"","potentialAction":[{"@type":"SearchAction","target":{"@type":"EntryPoint","urlTemplate":"https:\/\/stelberg-bau.de\/?s={search_term_string}"},"query-input":{"@type":"PropertyValueSpecification","valueRequired":true,"valueName":"search_term_string"}}],"inLanguage":"de"}]}},"_links":{"self":[{"href":"https:\/\/stelberg-bau.de\/index.php?rest_route=\/wp\/v2\/pages\/213","targetHints":{"allow":["GET"]}}],"collection":[{"href":"https:\/\/stelberg-bau.de\/index.php?rest_route=\/wp\/v2\/pages"}],"about":[{"href":"https:\/\/stelberg-bau.de\/index.php?rest_route=\/wp\/v2\/types\/page"}],"author":[{"embeddable":true,"href":"https:\/\/stelberg-bau.de\/index.php?rest_route=\/wp\/v2\/users\/3"}],"replies":[{"embeddable":true,"href":"https:\/\/stelberg-bau.de\/index.php?rest_route=%2Fwp%2Fv2%2Fcomments&post=213"}],"version-history":[{"count":53,"href":"https:\/\/stelberg-bau.de\/index.php?rest_route=\/wp\/v2\/pages\/213\/revisions"}],"predecessor-version":[{"id":768,"href":"https:\/\/stelberg-bau.de\/index.php?rest_route=\/wp\/v2\/pages\/213\/revisions\/768"}],"wp:attachment":[{"href":"https:\/\/stelberg-bau.de\/index.php?rest_route=%2Fwp%2Fv2%2Fmedia&parent=213"}],"curies":[{"name":"wp","href":"https:\/\/api.w.org\/{rel}","templated":true}]}}